{"id":48,"date":"2022-06-24T12:09:20","date_gmt":"2022-06-24T15:09:20","guid":{"rendered":"http:\/\/lebriones.art.br\/?page_id=48"},"modified":"2022-10-25T15:56:15","modified_gmt":"2022-10-25T18:56:15","slug":"cursos","status":"publish","type":"page","link":"https:\/\/lebriones.art.br\/index.php\/cursos\/","title":{"rendered":"Cursos"},"content":{"rendered":"[vc_row css=&#8221;.vc_custom_1666724170375{background-color: #e5e5e5 !important;}&#8221;][vc_column width=&#8221;1\/2&#8243;][vc_single_image image=&#8221;563&#8243; img_size=&#8221;full&#8221;][\/vc_column][vc_column width=&#8221;1\/2&#8243;][vc_custom_heading text=&#8221;Aulas de Aquarela&#8221; font_container=&#8221;tag:h2|font_size:35|text_align:left|line_height:1&#8243; use_theme_fonts=&#8221;yes&#8221;][vc_column_text]Venha participar das nossas aulas de Aquarela.<br \/>\nProfessora Ana Morche<\/p>\n<p>As aulas de aquarela ser\u00e3o as quintas-feiras :<br \/>\nTurma 1: 14:30 as 16:30<br \/>\nTurma 2 : 17:00 as 19:00<\/p>\n<p>Permita-se, solte sua criatividade e talento! \ud83d\udc69\u200d\ud83c\udfa8\ud83c\udfa8<\/p>\n<p><a class=\"x1i10hfl xjbqb8w x6umtig x1b1mbwd xaqea5y xav7gou x9f619 x1ypdohk xt0psk2 xe8uvvx xdj266r x11i5rnm xat24cr x1mh8g0r xexx8yu x4uap5 x18d9i69 xkhd6sd x16tdsg8 x1hl2dhg xggy1nq x1a2a7pz _aa9_ _a6hd\" tabindex=\"0\" role=\"link\" href=\"https:\/\/www.instagram.com\/explore\/tags\/aquarela\/\">#aquarela<\/a><br \/>\n<a class=\"x1i10hfl xjbqb8w x6umtig x1b1mbwd xaqea5y xav7gou x9f619 x1ypdohk xt0psk2 xe8uvvx xdj266r x11i5rnm xat24cr x1mh8g0r xexx8yu x4uap5 x18d9i69 xkhd6sd x16tdsg8 x1hl2dhg xggy1nq x1a2a7pz _aa9_ _a6hd\" tabindex=\"0\" role=\"link\" href=\"https:\/\/www.instagram.com\/explore\/tags\/galerialebriones\/\">#galerialebriones<\/a><br \/>\n<a class=\"x1i10hfl xjbqb8w x6umtig x1b1mbwd xaqea5y xav7gou x9f619 x1ypdohk xt0psk2 xe8uvvx xdj266r x11i5rnm xat24cr x1mh8g0r xexx8yu x4uap5 x18d9i69 xkhd6sd x16tdsg8 x1hl2dhg xggy1nq x1a2a7pz _aa9_ _a6hd\" tabindex=\"0\" role=\"link\" href=\"https:\/\/www.instagram.com\/explore\/tags\/atelierlebriones\/\">#atelierlebriones<\/a><br \/>\n<a class=\"x1i10hfl xjbqb8w x6umtig x1b1mbwd xaqea5y xav7gou x9f619 x1ypdohk xt0psk2 xe8uvvx xdj266r x11i5rnm xat24cr x1mh8g0r xexx8yu x4uap5 x18d9i69 xkhd6sd x16tdsg8 x1hl2dhg xggy1nq x1a2a7pz _aa9_ _a6hd\" tabindex=\"0\" role=\"link\" href=\"https:\/\/www.instagram.com\/explore\/tags\/nossoatelier%C3%A9diferente\/\">#nossoatelier\u00e9diferente<\/a><br \/>\n<a class=\"x1i10hfl xjbqb8w x6umtig x1b1mbwd xaqea5y xav7gou x9f619 x1ypdohk xt0psk2 xe8uvvx xdj266r x11i5rnm xat24cr x1mh8g0r xexx8yu x4uap5 x18d9i69 xkhd6sd x16tdsg8 x1hl2dhg xggy1nq x1a2a7pz _aa9_ _a6hd\" tabindex=\"0\" role=\"link\" href=\"https:\/\/www.instagram.com\/explore\/tags\/culturaniteroi\/\">#culturaniteroi<\/a><\/p>\n<p>Inscri\u00e7\u00f5es pelo direct do instagram @lebriones.art e pelo telefone 2611-7116.[\/vc_column_text][vc_btn title=&#8221;FA\u00c7A SUA INSCRI\u00c7\u00c3O&#8221; color=&#8221;blue&#8221; link=&#8221;url:http%3A%2F%2Flebriones.art.br%2Findex.php%2Fcontato%2F|title:Contato&#8221;][\/vc_column][\/vc_row][vc_row css=&#8221;.vc_custom_1666724075378{background-color: #ffffff !important;}&#8221;][vc_column width=&#8221;1\/2&#8243;][vc_single_image image=&#8221;560&#8243; img_size=&#8221;full&#8221;][\/vc_column][vc_column width=&#8221;1\/2&#8243;][vc_custom_heading text=&#8221;Aulas de Pintura&#8221; font_container=&#8221;tag:h2|font_size:35|text_align:left|line_height:1&#8243; use_theme_fonts=&#8221;yes&#8221;][vc_column_text]Venha participar das nossas aulas de pintura.<br \/>\nProfessora Rosa Paranhos<br \/>\nInscri\u00e7\u00f5es Abertas!<br \/>\nInscri\u00e7\u00f5es pelo direct do instagram @lebriones.art e pelo telefone 2611-7116.<\/p>\n[\/vc_column_text][vc_btn title=&#8221;FA\u00c7A SUA INSCRI\u00c7\u00c3O&#8221; color=&#8221;blue&#8221; link=&#8221;url:http%3A%2F%2Flebriones.art.br%2Findex.php%2Fcontato%2F|title:Contato&#8221;][\/vc_column][\/vc_row][vc_row css=&#8221;.vc_custom_1666723962571{background-color: #e5e5e5 !important;}&#8221;][vc_column width=&#8221;1\/2&#8243;][vc_single_image image=&#8221;525&#8243; img_size=&#8221;full&#8221;][\/vc_column][vc_column width=&#8221;1\/2&#8243;][vc_custom_heading text=&#8221;Caf\u00e9 com Arte \u2013 Todas as Quintas 16h&#8221; font_container=&#8221;tag:h2|font_size:35|text_align:left|line_height:1&#8243; use_theme_fonts=&#8221;yes&#8221;][vc_column_text]Venha participar das nossas aulas experimentais e tomar um cafezinho com bolo!<br \/>\nTodos os eventos s\u00e3o gratuitos.<br \/>\nInscri\u00e7\u00f5es pelo direct do instagram @lebriones.art e pelo telefone 2611-7116.<\/p>\n<p>Sempre \u00e9 bom lembrar! Esperamos vcs!\ud83e\udd70\ud83d\udc69\u200d\ud83c\udfa8\ud83c\udfa8\ud83c\udf70\u2615<\/p>\n<p><a class=\"qi72231t nu7423ey n3hqoq4p r86q59rh b3qcqh3k fq87ekyn bdao358l fsf7x5fv rse6dlih s5oniofx m8h3af8h l7ghb35v kjdc1dyq kmwttqpk srn514ro oxkhqvkx rl78xhln nch0832m cr00lzj9 rn8ck1ys s3jn8y49 icdlwmnq _aa9_ _a6hd\" tabindex=\"0\" role=\"link\" href=\"https:\/\/www.instagram.com\/explore\/tags\/cafecomarte%E2%98%95%F0%9F%8E%A8\/\">#cafecomarte\u2615\ud83c\udfa8<\/a><br \/>\n<a class=\"qi72231t nu7423ey n3hqoq4p r86q59rh b3qcqh3k fq87ekyn bdao358l fsf7x5fv rse6dlih s5oniofx m8h3af8h l7ghb35v kjdc1dyq kmwttqpk srn514ro oxkhqvkx rl78xhln nch0832m cr00lzj9 rn8ck1ys s3jn8y49 icdlwmnq _aa9_ _a6hd\" tabindex=\"0\" role=\"link\" href=\"https:\/\/www.instagram.com\/explore\/tags\/arteniteroi\/\">#arteniteroi<\/a><br \/>\n<a class=\"qi72231t nu7423ey n3hqoq4p r86q59rh b3qcqh3k fq87ekyn bdao358l fsf7x5fv rse6dlih s5oniofx m8h3af8h l7ghb35v kjdc1dyq kmwttqpk srn514ro oxkhqvkx rl78xhln nch0832m cr00lzj9 rn8ck1ys s3jn8y49 icdlwmnq _aa9_ _a6hd\" tabindex=\"0\" role=\"link\" href=\"https:\/\/www.instagram.com\/explore\/tags\/galerialebriones\/\">#galerialebriones<\/a><br \/>\n<a class=\"qi72231t nu7423ey n3hqoq4p r86q59rh b3qcqh3k fq87ekyn bdao358l fsf7x5fv rse6dlih s5oniofx m8h3af8h l7ghb35v kjdc1dyq kmwttqpk srn514ro oxkhqvkx rl78xhln nch0832m cr00lzj9 rn8ck1ys s3jn8y49 icdlwmnq _aa9_ _a6hd\" tabindex=\"0\" role=\"link\" href=\"https:\/\/www.instagram.com\/explore\/tags\/atelierlebriones\/\">#atelierlebriones<\/a><br \/>\n<a class=\"qi72231t nu7423ey n3hqoq4p r86q59rh b3qcqh3k fq87ekyn bdao358l fsf7x5fv rse6dlih s5oniofx m8h3af8h l7ghb35v kjdc1dyq kmwttqpk srn514ro oxkhqvkx rl78xhln nch0832m cr00lzj9 rn8ck1ys s3jn8y49 icdlwmnq _aa9_ _a6hd\" tabindex=\"0\" role=\"link\" href=\"https:\/\/www.instagram.com\/explore\/tags\/culturaniteroi\/\">#culturaniteroi<\/a>[\/vc_column_text][vc_btn title=&#8221;FA\u00c7A SUA INSCRI\u00c7\u00c3O&#8221; color=&#8221;blue&#8221; link=&#8221;url:http%3A%2F%2Flebriones.art.br%2Findex.php%2Fcontato%2F|title:Contato&#8221;][\/vc_column][\/vc_row][vc_row][vc_column width=&#8221;1\/2&#8243;][vc_single_image image=&#8221;460&#8243; img_size=&#8221;full&#8221;][\/vc_column][vc_column width=&#8221;1\/2&#8243;][vc_custom_heading text=&#8221;Espa\u00e7o para Exposi\u00e7\u00f5es, Atelier Livre e diversos Cursos&#8221; font_container=&#8221;tag:h2|font_size:35|text_align:left|line_height:1&#8243; use_theme_fonts=&#8221;yes&#8221;][vc_column_text]O Atelier e Galeria Le Briones est\u00e1 de portas abertas!<br \/>\nTemos vagas para aulas de pintura, aquarela, pintura de paisagem, sketchup e photoshop.<br \/>\nAinda temos para os adolescentes o curso de leitura e escrita com arte, com o objetivo de aumentar o rendimento escolar.<\/p>\n<p>#lebrionesart<br \/>\n#galerialebriones<br \/>\n#aquarela #cursoaquarela<br \/>\n#nossoatelier\u00e9diferente<br \/>\n#pintura #pinturalivre<br \/>\n#culturaniteroi<br \/>\n#shoppingfuturaoficial<br \/>\n#cursopinturadepaisagem<br \/>\n#cursodesketchup<br \/>\n#cursodephotoshop<br \/>\n#cursoleituraeescrita[\/vc_column_text][vc_btn title=&#8221;FA\u00c7A SUA INSCRI\u00c7\u00c3O&#8221; color=&#8221;blue&#8221; link=&#8221;url:http%3A%2F%2Flebriones.art.br%2Findex.php%2Fcontato%2F|title:Contato&#8221;][\/vc_column][\/vc_row][vc_row css=&#8221;.vc_custom_1666723977811{background-color: #e5e5e5 !important;}&#8221;][vc_column width=&#8221;1\/2&#8243;][vc_single_image image=&#8221;445&#8243; img_size=&#8221;full&#8221;][\/vc_column][vc_column width=&#8221;1\/2&#8243;][vc_custom_heading text=&#8221;Oficina Leitura e Escrita com Arte&#8221; font_container=&#8221;tag:h2|font_size:35|text_align:left|line_height:1&#8243; use_theme_fonts=&#8221;yes&#8221;][vc_column_text]@lebriones.art<br \/>\nNovidade na Galeria Le Briones!! Traga seu filho ou filha de 14 a 18 anos para trabalhar foco, concentra\u00e7\u00e3o, seguran\u00e7a, autoestima, desbloquear a express\u00e3o oral e escrita , tudo isso atrav\u00e9s da arte. Com experi\u00eancia a prof Ana Morche e a arterapeuta Denise Miranda podem ajudar a melhorar o desempenho acad\u00eamico do seu adolescente.<\/p>\n<p>Marque uma reuni\u00e3o para conhecer melhor a nossa proposta.<br \/>\nWhatsApp: 21- 98866-1869[\/vc_column_text][vc_btn title=&#8221;FA\u00c7A SUA INSCRI\u00c7\u00c3O&#8221; color=&#8221;blue&#8221; link=&#8221;url:http%3A%2F%2Flebriones.art.br%2Findex.php%2Fcontato%2F|title:Contato&#8221;][\/vc_column][\/vc_row][vc_row][vc_column width=&#8221;1\/2&#8243;][vc_single_image image=&#8221;442&#8243; img_size=&#8221;full&#8221;][\/vc_column][vc_column width=&#8221;1\/2&#8243;][vc_custom_heading text=&#8221;Aulas de pintura, colagem e Aquarela para Terceira Idade&#8221; font_container=&#8221;tag:h2|font_size:35|text_align:left|line_height:1&#8243; use_theme_fonts=&#8221;yes&#8221;][vc_column_text]Temos aula de pintura, colagem e aquarela para a terceira idade!<br \/>\n@lebriones.art<br \/>\nMatr\u00edculas abertas!<br \/>\nWhatsApp: 21 98866-1869[\/vc_column_text][vc_btn title=&#8221;FA\u00c7A SUA INSCRI\u00c7\u00c3O&#8221; color=&#8221;blue&#8221; link=&#8221;url:http%3A%2F%2Flebriones.art.br%2Findex.php%2Fcontato%2F|title:Contato&#8221;][\/vc_column][\/vc_row][vc_row css=&#8221;.vc_custom_1666723988818{background-color: #e5e5e5 !important;}&#8221;][vc_column width=&#8221;1\/2&#8243;][vc_custom_heading text=&#8221;Aulas de Photoshop&#8221; font_container=&#8221;tag:h1|font_size:44|text_align:left|line_height:1&#8243; use_theme_fonts=&#8221;yes&#8221;][vc_column_text]- Curso Completo: iniciante ao avan\u00e7ado<br \/>\n&#8211; Cria\u00e7\u00e3o de artes e colagens digitais<br \/>\n&#8211; Manipula\u00e7\u00e3o de imagem<br \/>\n&#8211; Aulas individuais ou em grupo<br \/>\n&#8211; Professor Felipe Max<br \/>\n&#8211; Turmas de segunda \u00e0 sexta[\/vc_column_text][vc_btn title=&#8221;FA\u00c7A SUA MATR\u00cdCULA&#8221; color=&#8221;blue&#8221; link=&#8221;url:http%3A%2F%2Flebriones.art.br%2Findex.php%2Fcontato%2F|title:Contato&#8221;][\/vc_column][vc_column width=&#8221;1\/2&#8243;][vc_single_image image=&#8221;152&#8243; img_size=&#8221;full&#8221; css=&#8221;.vc_custom_1656102947184{margin-top: 0px !important;}&#8221;][\/vc_column][\/vc_row][vc_row][vc_column width=&#8221;1\/2&#8243;][vc_single_image image=&#8221;158&#8243; img_size=&#8221;full&#8221;][\/vc_column][vc_column width=&#8221;1\/2&#8243;][vc_custom_heading text=&#8221;Aulas de SketchUp&#8221; font_container=&#8221;tag:h2|font_size:44|text_align:left|line_height:1&#8243; use_theme_fonts=&#8221;yes&#8221;][vc_column_text]- Curso Completo: iniciante ao avan\u00e7ado<br \/>\n&#8211; Aulas individuais ou em grupo<br \/>\n&#8211; Professor Caio Candido (@decoracaio)<br \/>\n&#8211; Turmas de segunda \u00e0 sexta[\/vc_column_text][vc_btn title=&#8221;FA\u00c7A SUA MATR\u00cdCULA&#8221; color=&#8221;blue&#8221; link=&#8221;url:http%3A%2F%2Flebriones.art.br%2Findex.php%2Fcontato%2F|title:Contato&#8221;][\/vc_column][\/vc_row]\n","protected":false},"excerpt":{"rendered":"<p>[vc_row css=&#8221;.vc_custom_1666724170375{background-color: #e5e5e5 !important;}&#8221;][vc_column width=&#8221;1\/2&#8243;][vc_single_image image=&#8221;563&#8243; img_size=&#8221;full&#8221;][\/vc_column][vc_column width=&#8221;1\/2&#8243;][vc_custom_heading text=&#8221;Aulas de Aquarela&#8221; font_container=&#8221;tag:h2|font_size:35|text_align:left|line_height:1&#8243; use_theme_fonts=&#8221;yes&#8221;][vc_column_text]Venha participar das nossas aulas de Aquarela. Professora Ana Morche As aulas de aquarela ser\u00e3o as quintas-feiras : Turma 1: 14:30 as 16:30 Turma 2 : 17:00 as 19:00 Permita-se, solte sua criatividade e talento!<\/p>\n","protected":false},"author":1,"featured_media":0,"parent":0,"menu_order":0,"comment_status":"closed","ping_status":"closed","template":"page-FullWidth.php","meta":{"om_disable_all_campaigns":false,"_monsterinsights_skip_tracking":false,"_monsterinsights_sitenote_active":false,"_monsterinsights_sitenote_note":"","_monsterinsights_sitenote_category":0,"footnotes":""},"_links":{"self":[{"href":"https:\/\/lebriones.art.br\/index.php\/wp-json\/wp\/v2\/pages\/48"}],"collection":[{"href":"https:\/\/lebriones.art.br\/index.php\/wp-json\/wp\/v2\/pages"}],"about":[{"href":"https:\/\/lebriones.art.br\/index.php\/wp-json\/wp\/v2\/types\/page"}],"author":[{"embeddable":true,"href":"https:\/\/lebriones.art.br\/index.php\/wp-json\/wp\/v2\/users\/1"}],"replies":[{"embeddable":true,"href":"https:\/\/lebriones.art.br\/index.php\/wp-json\/wp\/v2\/comments?post=48"}],"version-history":[{"count":37,"href":"https:\/\/lebriones.art.br\/index.php\/wp-json\/wp\/v2\/pages\/48\/revisions"}],"predecessor-version":[{"id":559,"href":"https:\/\/lebriones.art.br\/index.php\/wp-json\/wp\/v2\/pages\/48\/revisions\/559"}],"wp:attachment":[{"href":"https:\/\/lebriones.art.br\/index.php\/wp-json\/wp\/v2\/media?parent=48"}],"curies":[{"name":"wp","href":"https:\/\/api.w.org\/{rel}","templated":true}]}}