{"id":323,"date":"2022-06-27T22:41:38","date_gmt":"2022-06-28T01:41:38","guid":{"rendered":"http:\/\/lebriones.art.br\/?page_id=323"},"modified":"2025-05-06T21:55:01","modified_gmt":"2025-05-07T00:55:01","slug":"home","status":"publish","type":"page","link":"https:\/\/lebriones.art.br\/","title":{"rendered":"Home"},"content":{"rendered":"[vc_row css=&#8221;.vc_custom_1724962653883{padding-top: 25px !important;}&#8221;][vc_column][vc_custom_heading text=&#8221;GALERIA E ATELIER LE BRIONES ARTS&#8221; font_container=&#8221;tag:h2|text_align:center|color:%23000000&#8243; google_fonts=&#8221;font_family:Architects%20Daughter%3Aregular|font_style:400%20regular%3A400%3Anormal&#8221;][vc_separator color=&#8221;sky&#8221; border_width=&#8221;3&#8243; el_width=&#8221;40&#8243;][vc_custom_heading text=&#8221;Um lugar para voc\u00ea desenvolver seu talento.&#8221; font_container=&#8221;tag:h2|font_size:25px|text_align:center|color:%23000000&#8243; google_fonts=&#8221;font_family:Indie%20Flower%3Aregular|font_style:400%20regular%3A400%3Anormal&#8221;][\/vc_column][\/vc_row][vc_row full_width=&#8221;stretch_row&#8221; gap=&#8221;10&#8243; equal_height=&#8221;yes&#8221; content_placement=&#8221;middle&#8221; css=&#8221;.vc_custom_1744036762104{margin-bottom: 40px !important;padding-top: 40px !important;padding-right: 40px !important;padding-left: 40px !important;}&#8221;][vc_column css_animation=&#8221;fadeIn&#8221; width=&#8221;1\/4&#8243; css=&#8221;.vc_custom_1744037262825{padding-top: 50px !important;padding-bottom: 50px !important;background-image: url(http:\/\/lebriones.art.br\/wp-content\/uploads\/2022\/06\/Links-home-cursos2.jpg?id=172) !important;background-position: center !important;background-repeat: no-repeat !important;background-size: cover !important;}&#8221;][vc_icon icon_fontawesome=&#8221;fas fa-book-reader&#8221; color=&#8221;white&#8221; background_style=&#8221;rounded-outline&#8221; background_color=&#8221;white&#8221; size=&#8221;lg&#8221; align=&#8221;center&#8221; css_animation=&#8221;fadeInDown&#8221; link=&#8221;url:http%3A%2F%2Flebriones.art.br%2Findex.php%2Fcursos%2F|title:Cursos&#8221;][vc_custom_heading text=&#8221;Cursos&#8221; font_container=&#8221;tag:h3|text_align:center|color:%23ffffff|line_height:1&#8243; use_theme_fonts=&#8221;yes&#8221; link=&#8221;url:http%3A%2F%2Flebriones.art.br%2Findex.php%2Fcursos%2F|title:Cursos&#8221;][\/vc_column][vc_column css_animation=&#8221;fadeIn&#8221; width=&#8221;1\/4&#8243; css=&#8221;.vc_custom_1744037284103{padding-top: 50px !important;padding-bottom: 50px !important;background-image: url(http:\/\/lebriones.art.br\/wp-content\/uploads\/2022\/06\/Links-home-eventos-3.jpg?id=254) !important;background-position: center !important;background-repeat: no-repeat !important;background-size: cover !important;}&#8221;][vc_icon icon_fontawesome=&#8221;fas fa-glass-cheers&#8221; color=&#8221;white&#8221; background_style=&#8221;rounded-outline&#8221; background_color=&#8221;white&#8221; size=&#8221;lg&#8221; align=&#8221;center&#8221; css_animation=&#8221;fadeInDown&#8221; link=&#8221;url:http%3A%2F%2Flebriones.art.br%2Findex.php%2Feventos%2F|title:Eventos&#8221;][vc_custom_heading text=&#8221;NEWS&#8221; font_container=&#8221;tag:h3|text_align:center|color:%23ffffff|line_height:1&#8243; use_theme_fonts=&#8221;yes&#8221; link=&#8221;url:http%3A%2F%2Flebriones.art.br%2Findex.php%2Feventos%2F|title:Eventos&#8221;][\/vc_column][vc_column css_animation=&#8221;fadeIn&#8221; width=&#8221;1\/4&#8243; css=&#8221;.vc_custom_1744037298518{padding-top: 50px !important;padding-bottom: 50px !important;background-image: url(http:\/\/lebriones.art.br\/wp-content\/uploads\/2022\/06\/Links-home-vivencia2.jpg?id=174) !important;background-position: center !important;background-repeat: no-repeat !important;background-size: cover !important;}&#8221;][vc_icon type=&#8221;material&#8221; icon_material=&#8221;vc-material vc-material-palette&#8221; color=&#8221;white&#8221; background_style=&#8221;rounded-outline&#8221; background_color=&#8221;white&#8221; size=&#8221;lg&#8221; align=&#8221;center&#8221; css_animation=&#8221;fadeInDown&#8221; link=&#8221;url:http%3A%2F%2Flebriones.art.br%2Findex.php%2Fvivencia%2F|title:Viv%C3%AAncia&#8221;][vc_custom_heading text=&#8221;Viv\u00eancia&#8221; font_container=&#8221;tag:h3|text_align:center|color:%23ffffff|line_height:1&#8243; use_theme_fonts=&#8221;yes&#8221; link=&#8221;url:http%3A%2F%2Flebriones.art.br%2Findex.php%2Fvivencia%2F|title:Viv%C3%AAncia&#8221;][\/vc_column][vc_column css_animation=&#8221;fadeIn&#8221; width=&#8221;1\/4&#8243; css=&#8221;.vc_custom_1744037307404{padding-top: 50px !important;padding-bottom: 50px !important;background-image: url(http:\/\/lebriones.art.br\/wp-content\/uploads\/2022\/06\/Links-home-presentes-1.jpg?id=175) !important;background-position: center !important;background-repeat: no-repeat !important;background-size: cover !important;}&#8221;][vc_icon icon_fontawesome=&#8221;fas fa-gift&#8221; color=&#8221;white&#8221; background_style=&#8221;rounded-outline&#8221; background_color=&#8221;white&#8221; size=&#8221;lg&#8221; align=&#8221;center&#8221; css_animation=&#8221;fadeInDown&#8221; link=&#8221;url:http%3A%2F%2Flebriones.art.br%2Findex.php%2Fpresentes%2F|title:Loja&#8221;][vc_custom_heading text=&#8221;Presentes&#8221; font_container=&#8221;tag:h3|text_align:center|color:%23ffffff|line_height:1&#8243; use_theme_fonts=&#8221;yes&#8221; link=&#8221;url:http%3A%2F%2Flebriones.art.br%2Findex.php%2Fpresentes%2F|title:Loja&#8221;][\/vc_column][\/vc_row][vc_row full_width=&#8221;stretch_row&#8221; css=&#8221;.vc_custom_1744037843909{padding-top: 25px !important;background-color: #aac8e0 !important;}&#8221;][vc_column][vc_custom_heading text=&#8221;\u00daltimas Not\u00edcias&#8221; font_container=&#8221;tag:h2|text_align:center|color:%23000000&#8243; google_fonts=&#8221;font_family:Architects%20Daughter%3Aregular|font_style:400%20regular%3A400%3Anormal&#8221;][vc_separator color=&#8221;sky&#8221; border_width=&#8221;3&#8243; el_width=&#8221;40&#8243;][vc_custom_heading text=&#8221;Confira as novidades e eventos da Le Briones Arts.&#8221; font_container=&#8221;tag:h2|font_size:25px|text_align:center|color:%23000000&#8243; google_fonts=&#8221;font_family:Indie%20Flower%3Aregular|font_style:400%20regular%3A400%3Anormal&#8221;][\/vc_column][\/vc_row][vc_row full_width=&#8221;stretch_row&#8221; css=&#8221;.vc_custom_1744036392506{margin-top: px !important;margin-bottom: 0px !important;border-bottom-width: 0px !important;padding-top: 50px !important;padding-bottom: 50px !important;background-color: #aac8e0 !important;background-position: center !important;background-repeat: no-repeat !important;background-size: cover !important;}&#8221;][vc_column width=&#8221;1\/2&#8243;]<div class=\"widget widget_latest_posts\">\t\t\t<div class=\"latest_posts\">\n\t\t\t<ul class=\"small-thumb\">\n\t\t\t\t\t\t\t\t\t<li>\n\t\t\t\t\t\t<div class=\"small-custom-frame-wrapper alignleft frame-shadow\"><div class=\"custom-frame-inner-wrapper\"><div class=\"custom-frame-padding\"><a href=\"https:\/\/lebriones.art.br\/index.php\/2026\/03\/03\/reservacultural\/\" title=\"Reserva Cultural com minhas obras abstratas\"><img loading=\"lazy\" decoding=\"async\" src=\"https:\/\/lebriones.art.br\/wp-content\/uploads\/2026\/03\/04-60x60_c.jpeg\" width=\"60\" height=\"60\" alt=\"Reserva Cultural com minhas obras abstratas\" \/><\/a><\/div><\/div><\/div>\t\t\t\t\t\t<a class=\"teaser-title\" title=\"Reserva Cultural com minhas obras abstratas\" href=\"https:\/\/lebriones.art.br\/index.php\/2026\/03\/03\/reservacultural\/\">Reserva Cultural com minhas obras abstratas<\/a>\n\t\t\t\t\t\t\t\t\t\t\t\t<div class=\"teaser-content\">\n\t\t\t\t\t\tPrevious Next Reserva Cultural com minhas obras abstratas As queridas @neideluciaalmeida e @suzy1003...\t\t\t\t\t\t<\/div>\n\t\t\t\t\t\t\t\t\t\t\t\t\t\t<a title=\"Reserva Cultural com minhas obras abstratas\" href=\"https:\/\/lebriones.art.br\/index.php\/2026\/03\/03\/reservacultural\/\" class=\"read-more-align-right\"><span>Leia mais<\/span> &rarr;<\/a>\n\t\t\t\t\t\t\t\t\t\t\t\t\t\t<div class=\"clear\"><\/div>\n\t\t\t\t\t<\/li>\n\t\t\t\t\t\t\t\t\t\t<li>\n\t\t\t\t\t\t<div class=\"small-custom-frame-wrapper alignleft frame-shadow\"><div class=\"custom-frame-inner-wrapper\"><div class=\"custom-frame-padding\"><a href=\"https:\/\/lebriones.art.br\/index.php\/2026\/02\/04\/coloniadeferias\/\" title=\"Col\u00f4nia de F\u00e9rias Le Briones\"><img loading=\"lazy\" decoding=\"async\" src=\"https:\/\/lebriones.art.br\/wp-content\/uploads\/2026\/02\/05-60x60_c.jpeg\" width=\"60\" height=\"60\" alt=\"Col\u00f4nia de F\u00e9rias Le Briones\" \/><\/a><\/div><\/div><\/div>\t\t\t\t\t\t<a class=\"teaser-title\" title=\"Col\u00f4nia de F\u00e9rias Le Briones\" href=\"https:\/\/lebriones.art.br\/index.php\/2026\/02\/04\/coloniadeferias\/\">Col\u00f4nia de F\u00e9rias Le Briones<\/a>\n\t\t\t\t\t\t\t\t\t\t\t\t<div class=\"teaser-content\">\n\t\t\t\t\t\tPrevious Next Col\u00f4nia de F\u00e9rias L\u00ea Briones A Col\u00f4nia de F\u00e9rias da Galeria...\t\t\t\t\t\t<\/div>\n\t\t\t\t\t\t\t\t\t\t\t\t\t\t<a title=\"Col\u00f4nia de F\u00e9rias Le Briones\" href=\"https:\/\/lebriones.art.br\/index.php\/2026\/02\/04\/coloniadeferias\/\" class=\"read-more-align-right\"><span>Leia mais<\/span> &rarr;<\/a>\n\t\t\t\t\t\t\t\t\t\t\t\t\t\t<div class=\"clear\"><\/div>\n\t\t\t\t\t<\/li>\n\t\t\t\t\t\t\t\t\t\t<li>\n\t\t\t\t\t\t<div class=\"small-custom-frame-wrapper alignleft frame-shadow\"><div class=\"custom-frame-inner-wrapper\"><div class=\"custom-frame-padding\"><a href=\"https:\/\/lebriones.art.br\/index.php\/2025\/11\/13\/vernissage_sonhos_e_delirios_em_preto_e_branco\/\" title=\"Vernissage Sonhos e Del\u00edrios em Preto e Branco\"><img loading=\"lazy\" decoding=\"async\" src=\"https:\/\/lebriones.art.br\/wp-content\/uploads\/2025\/11\/18-60x60_c.jpeg\" width=\"60\" height=\"60\" alt=\"Vernissage Sonhos e Del\u00edrios em Preto e Branco\" \/><\/a><\/div><\/div><\/div>\t\t\t\t\t\t<a class=\"teaser-title\" title=\"Vernissage Sonhos e Del\u00edrios em Preto e Branco\" href=\"https:\/\/lebriones.art.br\/index.php\/2025\/11\/13\/vernissage_sonhos_e_delirios_em_preto_e_branco\/\">Vernissage Sonhos e Del\u00edrios em Preto e Branco<\/a>\n\t\t\t\t\t\t\t\t\t\t\t\t<div class=\"teaser-content\">\n\t\t\t\t\t\tPrevious Next Vernissage Sonhos e Del\u00edrios em Preto e Branco. A vernissage Sonhos...\t\t\t\t\t\t<\/div>\n\t\t\t\t\t\t\t\t\t\t\t\t\t\t<a title=\"Vernissage Sonhos e Del\u00edrios em Preto e Branco\" href=\"https:\/\/lebriones.art.br\/index.php\/2025\/11\/13\/vernissage_sonhos_e_delirios_em_preto_e_branco\/\" class=\"read-more-align-right\"><span>Leia mais<\/span> &rarr;<\/a>\n\t\t\t\t\t\t\t\t\t\t\t\t\t\t<div class=\"clear\"><\/div>\n\t\t\t\t\t<\/li>\n\t\t\t\t\t\t\t\t<\/ul>\n\t\t\t<\/div><!-- end widget_recent_posts -->\n\t\t\t<\/div>[\/vc_column][vc_column width=&#8221;1\/2&#8243; css=&#8221;.vc_custom_1710534298508{padding-top: 20px !important;}&#8221;][vc_posts_slider count=&#8221;1&#8243; interval=&#8221;3&#8243; thumb_size=&#8221;300&#215;250&#8243; orderby=&#8221;date&#8221; posttypes=&#8221;post&#8221; css=&#8221;.vc_custom_1746579274469{padding-top: 20px !important;padding-left: 20px !important;}&#8221;][\/vc_column][\/vc_row][vc_row full_width=&#8221;stretch_row&#8221; css=&#8221;.vc_custom_1720726929416{margin-top: 0px !important;background-image: url(http:\/\/lebriones.art.br\/wp-content\/uploads\/2022\/06\/destaque-1.jpg?id=179) !important;background-position: center !important;background-repeat: no-repeat !important;background-size: cover !important;}&#8221;][vc_column width=&#8221;1\/2&#8243;][vc_single_image image=&#8221;181&#8243; img_size=&#8221;full&#8221;][vc_column_text css=&#8221;.vc_custom_1706824013371{padding-top: 0px !important;}&#8221;]\n<p style=\"text-align: center;\">Comemore seu anivers\u00e1rio ou um momento especial com quem voc\u00ea ama! Traga seus amigos para se divertirem com pinc\u00e9is, tintas e m\u00fasica!<\/p>\n<p style=\"text-align: center;\"><div class=\"align-btn-center\"><a class=\"large custom-button\" href=\"https:\/\/api.whatsapp.com\/send?1=pt_BR&amp;phone=5521988661869\" title=\"contato\"><span style=\"background-color:#323292; color:#ffffff\">Agende seu evento<\/span><\/a><\/div>\n[\/vc_column_text][\/vc_column][vc_column width=&#8221;1\/2&#8243;][vc_single_image image=&#8221;182&#8243; img_size=&#8221;full&#8221;][\/vc_column][\/vc_row][vc_row][vc_column][vc_custom_heading text=&#8221;AGENDE SEU HOR\u00c1RIO&#8221; font_container=&#8221;tag:h2|text_align:center|color:%23000000&#8243; google_fonts=&#8221;font_family:Architects%20Daughter%3Aregular|font_style:400%20regular%3A400%3Anormal&#8221;][vc_separator color=&#8221;sky&#8221; border_width=&#8221;3&#8243; el_width=&#8221;40&#8243;][vc_custom_heading text=&#8221;A Galeria Le Briones \u00e9 o espa\u00e7o ideal para vc expor, desenvolver a sua pintura, arte digital e tudo que cabe dentro de um atelier.&#8221; font_container=&#8221;tag:h2|font_size:20px|text_align:center|color:%23000000&#8243; google_fonts=&#8221;font_family:Indie%20Flower%3Aregular|font_style:400%20regular%3A400%3Anormal&#8221;][vc_row_inner][vc_column_inner width=&#8221;2\/3&#8243;][vc_raw_html css=&#8221;.vc_custom_1656180882427{padding-top: 10px !important;}&#8221;]JTVCZmx1ZW50Zm9ybSUyMGlkJTNEJTIyMyUyMiU1RA==[\/vc_raw_html][\/vc_column_inner][vc_column_inner width=&#8221;1\/3&#8243;][vc_single_image image=&#8221;190&#8243; img_size=&#8221;full&#8221;][\/vc_column_inner][\/vc_row_inner][\/vc_column][\/vc_row][vc_row][vc_column width=&#8221;1\/2&#8243;][\/vc_column][vc_column width=&#8221;1\/2&#8243; css=&#8221;.vc_custom_1744033916897{padding-top: 20px !important;padding-left: 20px !important;}&#8221;][\/vc_column][\/vc_row]\n","protected":false},"excerpt":{"rendered":"<p>[vc_row css=&#8221;.vc_custom_1724962653883{padding-top: 25px !important;}&#8221;][vc_column][vc_custom_heading text=&#8221;GALERIA E ATELIER LE BRIONES ARTS&#8221; font_container=&#8221;tag:h2|text_align:center|color:%23000000&#8243; google_fonts=&#8221;font_family:Architects%20Daughter%3Aregular|font_style:400%20regular%3A400%3Anormal&#8221;][vc_separator color=&#8221;sky&#8221; border_width=&#8221;3&#8243; el_width=&#8221;40&#8243;][vc_custom_heading text=&#8221;Um lugar para voc\u00ea desenvolver seu talento.&#8221; font_container=&#8221;tag:h2|font_size:25px|text_align:center|color:%23000000&#8243; google_fonts=&#8221;font_family:Indie%20Flower%3Aregular|font_style:400%20regular%3A400%3Anormal&#8221;][\/vc_column][\/vc_row][vc_row full_width=&#8221;stretch_row&#8221; gap=&#8221;10&#8243; equal_height=&#8221;yes&#8221; content_placement=&#8221;middle&#8221; css=&#8221;.vc_custom_1744036762104{margin-bottom: 40px !important;padding-top: 40px !important;padding-right: 40px !important;padding-left: 40px !important;}&#8221;][vc_column css_animation=&#8221;fadeIn&#8221; width=&#8221;1\/4&#8243; css=&#8221;.vc_custom_1744037262825{padding-top: 50px !important;padding-bottom: 50px !important;background-image: url(http:\/\/lebriones.art.br\/wp-content\/uploads\/2022\/06\/Links-home-cursos2.jpg?id=172) !important;background-position: center<\/p>\n","protected":false},"author":1,"featured_media":0,"parent":0,"menu_order":0,"comment_status":"closed","ping_status":"closed","template":"page-FullWidth.php","meta":{"om_disable_all_campaigns":false,"_monsterinsights_skip_tracking":false,"_monsterinsights_sitenote_active":false,"_monsterinsights_sitenote_note":"","_monsterinsights_sitenote_category":0,"footnotes":""},"_links":{"self":[{"href":"https:\/\/lebriones.art.br\/index.php\/wp-json\/wp\/v2\/pages\/323"}],"collection":[{"href":"https:\/\/lebriones.art.br\/index.php\/wp-json\/wp\/v2\/pages"}],"about":[{"href":"https:\/\/lebriones.art.br\/index.php\/wp-json\/wp\/v2\/types\/page"}],"author":[{"embeddable":true,"href":"https:\/\/lebriones.art.br\/index.php\/wp-json\/wp\/v2\/users\/1"}],"replies":[{"embeddable":true,"href":"https:\/\/lebriones.art.br\/index.php\/wp-json\/wp\/v2\/comments?post=323"}],"version-history":[{"count":68,"href":"https:\/\/lebriones.art.br\/index.php\/wp-json\/wp\/v2\/pages\/323\/revisions"}],"predecessor-version":[{"id":3375,"href":"https:\/\/lebriones.art.br\/index.php\/wp-json\/wp\/v2\/pages\/323\/revisions\/3375"}],"wp:attachment":[{"href":"https:\/\/lebriones.art.br\/index.php\/wp-json\/wp\/v2\/media?parent=323"}],"curies":[{"name":"wp","href":"https:\/\/api.w.org\/{rel}","templated":true}]}}