{"id":30,"date":"2022-06-24T10:25:28","date_gmt":"2022-06-24T13:25:28","guid":{"rendered":"http:\/\/lebriones.art.br\/?page_id=30"},"modified":"2022-06-26T13:27:25","modified_gmt":"2022-06-26T16:27:25","slug":"inicio","status":"publish","type":"page","link":"https:\/\/lebriones.art.br\/index.php\/inicio\/","title":{"rendered":"In\u00edcio"},"content":{"rendered":"[vc_row][vc_column][vc_custom_heading text=&#8221;ATELIER LE BRIONES ARTS&#8221; font_container=&#8221;tag:h2|text_align:center|color:%23000000&#8243; google_fonts=&#8221;font_family:Architects%20Daughter%3Aregular|font_style:400%20regular%3A400%3Anormal&#8221;][vc_separator color=&#8221;sky&#8221; border_width=&#8221;3&#8243; el_width=&#8221;40&#8243;][vc_custom_heading text=&#8221;Um lugar para voc\u00ea desenvolver seu talento.&#8221; font_container=&#8221;tag:h2|font_size:25px|text_align:center|color:%23000000&#8243; google_fonts=&#8221;font_family:Indie%20Flower%3Aregular|font_style:400%20regular%3A400%3Anormal&#8221;][\/vc_column][\/vc_row][vc_row full_width=&#8221;stretch_row&#8221; gap=&#8221;10&#8243; equal_height=&#8221;yes&#8221; content_placement=&#8221;middle&#8221;][vc_column width=&#8221;1\/4&#8243; css=&#8221;.vc_custom_1656166353161{padding-top: 50px !important;padding-bottom: 50px !important;background-image: url(http:\/\/lebriones.art.br\/wp-content\/uploads\/2022\/06\/Links-home-cursos2.jpg?id=172) !important;background-position: center !important;background-repeat: no-repeat !important;background-size: cover !important;}&#8221;][vc_icon icon_fontawesome=&#8221;fas fa-book-reader&#8221; color=&#8221;white&#8221; background_style=&#8221;rounded-outline&#8221; background_color=&#8221;white&#8221; size=&#8221;lg&#8221; align=&#8221;center&#8221; link=&#8221;url:http%3A%2F%2Flebriones.art.br%2Findex.php%2Fcursos%2F|title:Cursos&#8221;][vc_custom_heading text=&#8221;Cursos&#8221; font_container=&#8221;tag:h3|text_align:center|color:%23ffffff|line_height:1&#8243; use_theme_fonts=&#8221;yes&#8221; link=&#8221;url:http%3A%2F%2Flebriones.art.br%2Findex.php%2Fcursos%2F|title:Cursos&#8221;][\/vc_column][vc_column width=&#8221;1\/4&#8243; css=&#8221;.vc_custom_1656260795910{padding-top: 50px !important;padding-bottom: 50px !important;background-image: url(http:\/\/lebriones.art.br\/wp-content\/uploads\/2022\/06\/Links-home-eventos-3.jpg?id=254) !important;background-position: center !important;background-repeat: no-repeat !important;background-size: cover !important;}&#8221;][vc_icon icon_fontawesome=&#8221;fas fa-glass-cheers&#8221; color=&#8221;white&#8221; background_style=&#8221;rounded-outline&#8221; background_color=&#8221;white&#8221; size=&#8221;lg&#8221; align=&#8221;center&#8221; link=&#8221;url:http%3A%2F%2Flebriones.art.br%2Findex.php%2Feventos%2F|title:Eventos&#8221;][vc_custom_heading text=&#8221;Eventos&#8221; font_container=&#8221;tag:h3|text_align:center|color:%23ffffff|line_height:1&#8243; use_theme_fonts=&#8221;yes&#8221; link=&#8221;url:http%3A%2F%2Flebriones.art.br%2Findex.php%2Feventos%2F|title:Eventos&#8221;][\/vc_column][vc_column width=&#8221;1\/4&#8243; css=&#8221;.vc_custom_1656166414534{padding-top: 50px !important;padding-bottom: 50px !important;background-image: url(http:\/\/lebriones.art.br\/wp-content\/uploads\/2022\/06\/Links-home-vivencia2.jpg?id=174) !important;background-position: center !important;background-repeat: no-repeat !important;background-size: cover !important;}&#8221;][vc_icon type=&#8221;material&#8221; icon_material=&#8221;vc-material vc-material-palette&#8221; color=&#8221;white&#8221; background_style=&#8221;rounded-outline&#8221; background_color=&#8221;white&#8221; size=&#8221;lg&#8221; align=&#8221;center&#8221; link=&#8221;url:http%3A%2F%2Flebriones.art.br%2Findex.php%2Fvivencia%2F|title:Viv%C3%AAncia&#8221;][vc_custom_heading text=&#8221;Viv\u00eancia&#8221; font_container=&#8221;tag:h3|text_align:center|color:%23ffffff|line_height:1&#8243; use_theme_fonts=&#8221;yes&#8221; link=&#8221;url:http%3A%2F%2Flebriones.art.br%2Findex.php%2Fvivencia%2F|title:Viv%C3%AAncia&#8221;][\/vc_column][vc_column width=&#8221;1\/4&#8243; css=&#8221;.vc_custom_1656166505007{padding-top: 50px !important;padding-bottom: 50px !important;background-image: url(http:\/\/lebriones.art.br\/wp-content\/uploads\/2022\/06\/Links-home-presentes-1.jpg?id=175) !important;background-position: center !important;background-repeat: no-repeat !important;background-size: cover !important;}&#8221;][vc_icon icon_fontawesome=&#8221;fas fa-gift&#8221; color=&#8221;white&#8221; background_style=&#8221;rounded-outline&#8221; background_color=&#8221;white&#8221; size=&#8221;lg&#8221; align=&#8221;center&#8221; link=&#8221;url:http%3A%2F%2Flebriones.art.br%2Findex.php%2Fpresentes%2F|title:Loja&#8221;][vc_custom_heading text=&#8221;Presentes&#8221; font_container=&#8221;tag:h3|text_align:center|color:%23ffffff|line_height:1&#8243; use_theme_fonts=&#8221;yes&#8221; link=&#8221;url:http%3A%2F%2Flebriones.art.br%2Findex.php%2Fpresentes%2F|title:Loja&#8221;][\/vc_column][\/vc_row][vc_row full_width=&#8221;stretch_row&#8221; css=&#8221;.vc_custom_1656167514815{margin-top: 50px !important;background-image: url(http:\/\/lebriones.art.br\/wp-content\/uploads\/2022\/06\/destaque-1.jpg?id=179) !important;background-position: center !important;background-repeat: no-repeat !important;background-size: cover !important;}&#8221;][vc_column width=&#8221;1\/2&#8243;][vc_single_image image=&#8221;181&#8243; img_size=&#8221;full&#8221;][vc_column_text css=&#8221;.vc_custom_1656167966321{padding-top: 0px !important;}&#8221;]\n<p style=\"text-align: center;\">Comemore seu anivers\u00e1rio ou um momento especial com quem voc\u00ea ama! Traga seus amigos para se divertirem com pinc\u00e9is, tintas e m\u00fasica!<\/p>\n<p style=\"text-align: center;\"><div class=\"align-btn-center\"><a class=\"large custom-button\" href=\"http:\/\/lebriones.art.br\/index.php\/eventos\/\" title=\"Eventos\"><span style=\"background-color:#323292; color:#ffffff\">Saiba mais<\/span><\/a><\/div>\n[\/vc_column_text][\/vc_column][vc_column width=&#8221;1\/2&#8243;][vc_single_image image=&#8221;182&#8243; img_size=&#8221;full&#8221;][\/vc_column][\/vc_row][vc_row][vc_column][vc_custom_heading text=&#8221;AGENDE SEU HOR\u00c1RIO&#8221; font_container=&#8221;tag:h2|text_align:center|color:%23000000&#8243; google_fonts=&#8221;font_family:Architects%20Daughter%3Aregular|font_style:400%20regular%3A400%3Anormal&#8221;][vc_separator color=&#8221;sky&#8221; border_width=&#8221;3&#8243; el_width=&#8221;40&#8243;][vc_custom_heading text=&#8221;A Galeria Le Briones \u00e9 o espa\u00e7o ideal para vc expor, desenvolver a sua pintura, arte digital e tudo que cabe dentro de um atelier.&#8221; font_container=&#8221;tag:h2|font_size:20px|text_align:center|color:%23000000&#8243; google_fonts=&#8221;font_family:Indie%20Flower%3Aregular|font_style:400%20regular%3A400%3Anormal&#8221;][vc_row_inner][vc_column_inner width=&#8221;2\/3&#8243;][vc_raw_html css=&#8221;.vc_custom_1656180882427{padding-top: 10px !important;}&#8221;]JTVCZmx1ZW50Zm9ybSUyMGlkJTNEJTIyMyUyMiU1RA==[\/vc_raw_html][\/vc_column_inner][vc_column_inner width=&#8221;1\/3&#8243;][vc_single_image image=&#8221;190&#8243; img_size=&#8221;full&#8221;][\/vc_column_inner][\/vc_row_inner][\/vc_column][\/vc_row]\n","protected":false},"excerpt":{"rendered":"<p>[vc_row][vc_column][vc_custom_heading text=&#8221;ATELIER LE BRIONES ARTS&#8221; font_container=&#8221;tag:h2|text_align:center|color:%23000000&#8243; google_fonts=&#8221;font_family:Architects%20Daughter%3Aregular|font_style:400%20regular%3A400%3Anormal&#8221;][vc_separator color=&#8221;sky&#8221; border_width=&#8221;3&#8243; el_width=&#8221;40&#8243;][vc_custom_heading text=&#8221;Um lugar para voc\u00ea desenvolver seu talento.&#8221; font_container=&#8221;tag:h2|font_size:25px|text_align:center|color:%23000000&#8243; google_fonts=&#8221;font_family:Indie%20Flower%3Aregular|font_style:400%20regular%3A400%3Anormal&#8221;][\/vc_column][\/vc_row][vc_row full_width=&#8221;stretch_row&#8221; gap=&#8221;10&#8243; equal_height=&#8221;yes&#8221; content_placement=&#8221;middle&#8221;][vc_column width=&#8221;1\/4&#8243; css=&#8221;.vc_custom_1656166353161{padding-top: 50px !important;padding-bottom: 50px !important;background-image: url(http:\/\/lebriones.art.br\/wp-content\/uploads\/2022\/06\/Links-home-cursos2.jpg?id=172) !important;background-position: center !important;background-repeat: no-repeat !important;background-size: cover !important;}&#8221;][vc_icon icon_fontawesome=&#8221;fas fa-book-reader&#8221; color=&#8221;white&#8221; background_style=&#8221;rounded-outline&#8221; background_color=&#8221;white&#8221; size=&#8221;lg&#8221; align=&#8221;center&#8221; link=&#8221;url:http%3A%2F%2Flebriones.art.br%2Findex.php%2Fcursos%2F|title:Cursos&#8221;][vc_custom_heading text=&#8221;Cursos&#8221; font_container=&#8221;tag:h3|text_align:center|color:%23ffffff|line_height:1&#8243;<\/p>\n","protected":false},"author":1,"featured_media":0,"parent":0,"menu_order":0,"comment_status":"closed","ping_status":"closed","template":"page-FullWidth.php","meta":{"om_disable_all_campaigns":false,"_monsterinsights_skip_tracking":false,"_monsterinsights_sitenote_active":false,"_monsterinsights_sitenote_note":"","_monsterinsights_sitenote_category":0,"footnotes":""},"_links":{"self":[{"href":"https:\/\/lebriones.art.br\/index.php\/wp-json\/wp\/v2\/pages\/30"}],"collection":[{"href":"https:\/\/lebriones.art.br\/index.php\/wp-json\/wp\/v2\/pages"}],"about":[{"href":"https:\/\/lebriones.art.br\/index.php\/wp-json\/wp\/v2\/types\/page"}],"author":[{"embeddable":true,"href":"https:\/\/lebriones.art.br\/index.php\/wp-json\/wp\/v2\/users\/1"}],"replies":[{"embeddable":true,"href":"https:\/\/lebriones.art.br\/index.php\/wp-json\/wp\/v2\/comments?post=30"}],"version-history":[{"count":28,"href":"https:\/\/lebriones.art.br\/index.php\/wp-json\/wp\/v2\/pages\/30\/revisions"}],"predecessor-version":[{"id":256,"href":"https:\/\/lebriones.art.br\/index.php\/wp-json\/wp\/v2\/pages\/30\/revisions\/256"}],"wp:attachment":[{"href":"https:\/\/lebriones.art.br\/index.php\/wp-json\/wp\/v2\/media?parent=30"}],"curies":[{"name":"wp","href":"https:\/\/api.w.org\/{rel}","templated":true}]}}