{"id":115,"date":"2022-06-24T13:20:35","date_gmt":"2022-06-24T16:20:35","guid":{"rendered":"http:\/\/lebriones.art.br\/?page_id=115"},"modified":"2022-06-28T09:29:28","modified_gmt":"2022-06-28T12:29:28","slug":"vivencia","status":"publish","type":"page","link":"https:\/\/lebriones.art.br\/index.php\/vivencia\/","title":{"rendered":"Viv\u00eancia"},"content":{"rendered":"[vc_row][vc_column][vc_custom_heading text=&#8221;Traga seu Projeto e venha criar conosco!&#8221; font_container=&#8221;tag:h1|text_align:center|color:%23000000&#8243; use_theme_fonts=&#8221;yes&#8221; css=&#8221;.vc_custom_1656186983804{padding-bottom: 40px !important;}&#8221;][\/vc_column][\/vc_row][vc_row][vc_column width=&#8221;1\/3&#8243;][vc_single_image image=&#8221;169&#8243; img_size=&#8221;full&#8221; alignment=&#8221;center&#8221; style=&#8221;vc_box_rounded&#8221;][vc_custom_heading text=&#8221;Atelier Livre&#8221; font_container=&#8221;tag:h1|text_align:left&#8221; use_theme_fonts=&#8221;yes&#8221;][vc_column_text]Um atelier com espa\u00e7o ideal para voc\u00ea criar. Venha conhecer e reserve seu hor\u00e1rio. Tenha um atelier pra chamar de seu.[\/vc_column_text][\/vc_column][vc_column width=&#8221;1\/3&#8243;][vc_single_image image=&#8221;168&#8243; img_size=&#8221;full&#8221; alignment=&#8221;center&#8221; style=&#8221;vc_box_rounded&#8221;][vc_custom_heading text=&#8221;Coworking&#8221; font_container=&#8221;tag:h1|text_align:left&#8221; use_theme_fonts=&#8221;yes&#8221;][vc_column_text]O Atelier Le Briones Arts tem um ambiente novo, moderno e aconchegante. Espa\u00e7o coworking em pacotes semanais, mensais e anuais.[\/vc_column_text][\/vc_column][vc_column width=&#8221;1\/3&#8243;][vc_single_image image=&#8221;208&#8243; img_size=&#8221;full&#8221; alignment=&#8221;center&#8221; style=&#8221;vc_box_rounded&#8221;][vc_custom_heading text=&#8221;Atelier de Pintura&#8221; font_container=&#8221;tag:h1|text_align:left&#8221; use_theme_fonts=&#8221;yes&#8221;][vc_column_text]Se voc\u00ea precisa de espa\u00e7o para desenvolver sua arte e criatividade no Le Briones encontrar\u00e1 todas as condi\u00e7\u00f5es que um artista precisa.[\/vc_column_text][\/vc_column][\/vc_row][vc_row full_width=&#8221;stretch_row&#8221; parallax=&#8221;content-moving&#8221; css=&#8221;.vc_custom_1656187691812{margin-bottom: 0px !important;border-bottom-width: 0px !important;padding-top: 100px !important;padding-bottom: 0px !important;background: #5e5e5e url(http:\/\/lebriones.art.br\/wp-content\/uploads\/2015\/09\/hero-section-with-feature-3269.jpg?id=131);background-position: center;background-repeat: no-repeat !important;background-size: cover !important;}&#8221;][vc_column][vc_icon icon_fontawesome=&#8221;fas fa-paint-brush&#8221; color=&#8221;white&#8221; size=&#8221;xl&#8221; align=&#8221;center&#8221;][vc_custom_heading text=&#8221;Nosso atelier est\u00e1 com cavaletes livres. Garanta o seu.&#8221; font_container=&#8221;tag:h2|text_align:center|color:%23ffffff&#8221; use_theme_fonts=&#8221;yes&#8221;][vc_column_text css=&#8221;.vc_custom_1656187770869{margin-bottom: 80px !important;}&#8221;]\n<p style=\"text-align: center;\"><div class=\"align-btn-center\"><a class=\"large custom-button\" href=\"https:\/\/api.whatsapp.com\/send?1=pt_BR&amp;phone=5521988661869\" title=\"contato\" target=\"_blank\"><span style=\"background-color:#323292; color:#ffffff\">Entre em contato<\/span><\/a><\/div>\n[\/vc_column_text][\/vc_column][\/vc_row]\n","protected":false},"excerpt":{"rendered":"<p>[vc_row][vc_column][vc_custom_heading text=&#8221;Traga seu Projeto e venha criar conosco!&#8221; font_container=&#8221;tag:h1|text_align:center|color:%23000000&#8243; use_theme_fonts=&#8221;yes&#8221; css=&#8221;.vc_custom_1656186983804{padding-bottom: 40px !important;}&#8221;][\/vc_column][\/vc_row][vc_row][vc_column width=&#8221;1\/3&#8243;][vc_single_image image=&#8221;169&#8243; img_size=&#8221;full&#8221; alignment=&#8221;center&#8221; style=&#8221;vc_box_rounded&#8221;][vc_custom_heading text=&#8221;Atelier Livre&#8221; font_container=&#8221;tag:h1|text_align:left&#8221; use_theme_fonts=&#8221;yes&#8221;][vc_column_text]Um atelier com espa\u00e7o ideal para voc\u00ea criar. Venha conhecer e reserve seu hor\u00e1rio. Tenha um atelier pra chamar de seu.[\/vc_column_text][\/vc_column][vc_column width=&#8221;1\/3&#8243;][vc_single_image image=&#8221;168&#8243; img_size=&#8221;full&#8221; alignment=&#8221;center&#8221; style=&#8221;vc_box_rounded&#8221;][vc_custom_heading<\/p>\n","protected":false},"author":1,"featured_media":0,"parent":0,"menu_order":0,"comment_status":"closed","ping_status":"closed","template":"page-FullWidth.php","meta":{"om_disable_all_campaigns":false,"_monsterinsights_skip_tracking":false,"_monsterinsights_sitenote_active":false,"_monsterinsights_sitenote_note":"","_monsterinsights_sitenote_category":0,"footnotes":""},"_links":{"self":[{"href":"https:\/\/lebriones.art.br\/index.php\/wp-json\/wp\/v2\/pages\/115"}],"collection":[{"href":"https:\/\/lebriones.art.br\/index.php\/wp-json\/wp\/v2\/pages"}],"about":[{"href":"https:\/\/lebriones.art.br\/index.php\/wp-json\/wp\/v2\/types\/page"}],"author":[{"embeddable":true,"href":"https:\/\/lebriones.art.br\/index.php\/wp-json\/wp\/v2\/users\/1"}],"replies":[{"embeddable":true,"href":"https:\/\/lebriones.art.br\/index.php\/wp-json\/wp\/v2\/comments?post=115"}],"version-history":[{"count":17,"href":"https:\/\/lebriones.art.br\/index.php\/wp-json\/wp\/v2\/pages\/115\/revisions"}],"predecessor-version":[{"id":328,"href":"https:\/\/lebriones.art.br\/index.php\/wp-json\/wp\/v2\/pages\/115\/revisions\/328"}],"wp:attachment":[{"href":"https:\/\/lebriones.art.br\/index.php\/wp-json\/wp\/v2\/media?parent=115"}],"curies":[{"name":"wp","href":"https:\/\/api.w.org\/{rel}","templated":true}]}}